{"id":3224,"date":"2019-04-24T14:20:42","date_gmt":"2019-04-24T14:20:42","guid":{"rendered":"https:\/\/www.miamimoversforless.com\/?page_id=3224"},"modified":"2019-04-24T14:22:39","modified_gmt":"2019-04-24T14:22:39","slug":"contact-us","status":"publish","type":"page","link":"https:\/\/www.miamimoversforless.com\/es\/contact-us\/","title":{"rendered":"Cont\u00e1ctanos"},"content":{"rendered":"<div class=\"col-md-6\">\n<h3>Miami Movers for Less<\/h3>\n<p>Direcci\u00f3n: 17854 NE 5 Ave Miami Florida 33162, USA<br \/>\nTel\u00e9fono: <a href=\"tel:+13059153881\">(305) 915-3881<\/a><br \/>\nEmail: <a href=\"mailto:sales@www.miamimoversforless.com\">sales@www.miamimoversforless.com<\/a><\/p>\n<\/div>\n<div class=\"col-md-6 md-change-text\">\n<h3>Horario de oficina:<\/h3>\n<p>De lunes a domingo de 8:00AM to 8:00PM<br \/>\nAgentes disponibles para recibir \u00f3rdenes 24\/7<br \/>\nFL REG #IM1543<br \/>\nDade\/Broward\/WPB #564<br \/>\nMC 629 981 Licencia<br \/>\nN\u00famero: US DOT 1717780<\/p>\n<\/div>\n<h2>\u00bfTienes preguntas sobre nuestra agencia de mudanzas en Miami? \u00a1Hablemos!<\/h2>\n<p>\u00bfTienes preguntas sobre c\u00f3mo elegir una agencia de mudanzas en Miami? \u00bfNecesitas un presupuesto estimado de tu mudanza desde o hacia Florida? \u00bfQuieres saber m\u00e1s sobre c\u00f3mo podemos facilitar todo tu proceso de mudanza? \u00a1Solo cont\u00e1ctanos! Env\u00edanos un email o ll\u00e1manos por tel\u00e9fono usando la informaci\u00f3n de contacto que aparece en esta p\u00e1gina. Estaremos felices de hablar contigo sobre tu mudanza.<\/p>\n<p>Desde 2007 hemos atendido literalmente miles de mudanzas locales, residenciales y comerciales, o mudanzas internacionales desde Miami, como mudanzas a Argentina desde Miami. Atendemos mudanzas locales y de larga distancia por igual, Miami Movers For Less ha ayudado en mudanzas a lo largo de todos los Estados Unidos.<\/p>\n<p>Los clientes nos eligen porque somos muy buenos en lo que hacemos \u2013 y lo hacemos por menos que nuestra competencia. El fuerte de nuestro negocio es el profesionalismo. Tratamos a cada cliente con el respeto que merece y a diferencia de otros servicios de mudanza y embalaje en Miami, lo hacemos con una sonrisa.<\/p>\n<p>Estamos aqu\u00ed para resolver tus dudas, cualquier d\u00eda de la semana. Somos completamente transparentes sobre nuestros servicios y precios, as\u00ed que no dudes en contactarnos por tel\u00e9fono o email. Cuando se trata de contratar una agencia de mudanzas baratas en Miami, nunca debes quedarte sin saber bien cu\u00e1l va a ser el costo final y qu\u00e9 esperar el d\u00eda de la mudanza. Te ofrecemos un presupuesto estimado gratuito para calcular de forma precisa el costo de la mudanza en Miami, o hacia Miami.<\/p>\n<p>Si est\u00e1s listo para agendar la mudanza, repasaremos todos los pasos por tel\u00e9fono, incluyendo nuestra hora de llegada, cu\u00e1nto esperamos demorar embalando y cargando tus cosas con la renta de camiones de mudanzas en Miami y la hora estimada de finalizaci\u00f3n del proceso. Tambi\u00e9n repasaremos la informaci\u00f3n adicional sobre nuestros servicios de almacenamiento en Miami, nuestros servicios de embalaje, materiales de mudanza y m\u00e1s. Cont\u00e1ctanos hoy para aprender m\u00e1s \u2013 \u00a1Estamos ansiosos por saber de ti!<\/p>\n<h2><strong>Una de las agencias de mudanzas mejor rese\u00f1adas y m\u00e1s baratas en Miami<\/strong><\/h2>\n<p>Si est\u00e1s buscando una agencia de mudanzas baratas en Miami o necesitas un servicio de embalaje o almacenamiento en Miami \u2013 estamos aqu\u00ed para ayudarte. Hemos estado trabajando desde 2007 y hemos atendido a miles de clientes. En promedio realizamos unas 300 mudanzas por mes y este n\u00famero solo incrementa cada a\u00f1o. Estamos aqu\u00ed para ayudarte con cualquier necesidad as\u00ed tengas un estudio en Miami o una enorme oficina en Brickell. Ll\u00e1manos y te daremos un presupuesto completo para tu mudanza Miami y el sur de la Florida, para mudanzas de larga distancia, o mudanzas internacionales desde Miami.<\/p>\n<p>Nuestros representantes de ventas podr\u00e1n estimar el precio exacto de tu mudanza de tu vieja casa u oficina al nuevo lugar que escogiste. Si tienes que viajar por trabajo, pero planeas volver, si te vas a tomar unas largas vacaciones o sencillamente necesitas un tiempo para terminar la mudanza, estamos disponibles como soluci\u00f3n de almacenamiento para tus pertenencias en nuestras seguras instalaciones.<\/p>\n<p>B\u00e1sicamente, si est\u00e1s buscando una agencia de mudanzas baratas en Miami, Florida, somos la opci\u00f3n correcta para ti. Con nuestra experiencia y chequeos exhaustivos del personal que contratamos, puedes confiar en que nuestros profesionales est\u00e1n calificados y podr\u00e1n llevar todos tus objetos a salvo a tu nueva ubicaci\u00f3n. Contamos con la renta de camiones de mudanza en Miami totalmente equipados, ofrecemos todo tipo de material de embalaje que puedas necesitar como cajas, pl\u00e1stico de embalaje, papel de burbujas, coberturas, cinta adhesiva, entre otros. En nuestros camiones de mudanza contamos con equipos hidr\u00e1ulicos para levantar objetos pesados. Estaremos m\u00e1s que felices de ayudarte con tu mudanza. Nuestros clientes siempre nos vuelven a contratar o nos recomiendan a sus amigos. Ll\u00e1manos ahora al 305-915-3881 o llena el formulario en l\u00ednea para obtener tu presupuesto y nuestro equipo de ventas se pondr\u00e1 en contacto contigo.<\/p>\n<p>Tu b\u00fasqueda de la mejor agencia de mudanzas en Miami termin\u00f3. Ya nos encontraste. Somos la empresa mejor rese\u00f1ada.<\/p>\n","protected":false},"excerpt":{"rendered":"<p>Miami Movers for Less Direcci\u00f3n: 17854 NE 5 Ave Miami Florida 33162, USA Tel\u00e9fono: (305) 915-3881 Email: sales@www.miamimoversforless.com Horario de oficina: De lunes a domingo de 8:00AM to 8:00PM Agentes disponibles para recibir \u00f3rdenes 24\/7 FL REG #IM1543 Dade\/Broward\/WPB #564 MC 629 981 Licencia N\u00famero: US DOT 1717780 \u00bfTienes preguntas sobre nuestra agencia de mudanzas [&hellip;]<\/p>\n","protected":false},"author":6,"featured_media":0,"parent":0,"menu_order":0,"comment_status":"closed","ping_status":"closed","template":"","meta":{"_acf_changed":false,"footnotes":""},"acf":[],"yoast_head":"<!-- This site is optimized with the Yoast SEO plugin v24.4 - https:\/\/yoast.com\/wordpress\/plugins\/seo\/ -->\n<title>Cont\u00e1ctanos - Miami movers<\/title>\n<meta name=\"description\" content=\"Need an estimate for your move? Just give us a buzz! Contact us by phone or email at the contact information shown on this page.\" \/>\n<meta name=\"robots\" content=\"index, follow, max-snippet:-1, max-image-preview:large, max-video-preview:-1\" \/>\n<meta property=\"og:locale\" content=\"es_ES\" \/>\n<meta property=\"og:type\" content=\"article\" \/>\n<meta property=\"og:title\" content=\"Cont\u00e1ctanos - Miami movers\" \/>\n<meta property=\"og:description\" content=\"Need an estimate for your move? Just give us a buzz! Contact us by phone or email at the contact information shown on this page.\" \/>\n<meta property=\"og:url\" content=\"https:\/\/www.miamimoversforless.com\/es\/contact-us\/\" \/>\n<meta property=\"og:site_name\" content=\"Miami movers\" \/>\n<meta property=\"article:modified_time\" content=\"2019-04-24T14:22:39+00:00\" \/>\n<meta property=\"og:image\" content=\"https:\/\/i0.wp.com\/www.miamimoversforless.com\/wp-content\/uploads\/2018\/09\/miami_move_for_less_no_stress.jpg?fit=1500%2C622&ssl=1\" \/>\n\t<meta property=\"og:image:width\" content=\"1500\" \/>\n\t<meta property=\"og:image:height\" content=\"622\" \/>\n\t<meta property=\"og:image:type\" content=\"image\/jpeg\" \/>\n<meta name=\"twitter:card\" content=\"summary_large_image\" \/>\n<meta name=\"twitter:label1\" content=\"Tiempo de lectura\" \/>\n\t<meta name=\"twitter:data1\" content=\"4 minutos\" \/>\n<script type=\"application\/ld+json\" class=\"yoast-schema-graph\">{\"@context\":\"https:\/\/schema.org\",\"@graph\":[{\"@type\":\"WebPage\",\"@id\":\"https:\/\/www.miamimoversforless.com\/es\/contact-us\/\",\"url\":\"https:\/\/www.miamimoversforless.com\/es\/contact-us\/\",\"name\":\"Cont\u00e1ctanos - Miami movers\",\"isPartOf\":{\"@id\":\"https:\/\/www.miamimoversforless.com\/#website\"},\"datePublished\":\"2019-04-24T14:20:42+00:00\",\"dateModified\":\"2019-04-24T14:22:39+00:00\",\"description\":\"Need an estimate for your move? Just give us a buzz! Contact us by phone or email at the contact information shown on this page.\",\"breadcrumb\":{\"@id\":\"https:\/\/www.miamimoversforless.com\/es\/contact-us\/#breadcrumb\"},\"inLanguage\":\"es\",\"potentialAction\":[{\"@type\":\"ReadAction\",\"target\":[\"https:\/\/www.miamimoversforless.com\/es\/contact-us\/\"]}]},{\"@type\":\"BreadcrumbList\",\"@id\":\"https:\/\/www.miamimoversforless.com\/es\/contact-us\/#breadcrumb\",\"itemListElement\":[{\"@type\":\"ListItem\",\"position\":1,\"name\":\"Home\",\"item\":\"https:\/\/www.miamimoversforless.com\/es\/\"},{\"@type\":\"ListItem\",\"position\":2,\"name\":\"Cont\u00e1ctanos\"}]},{\"@type\":\"WebSite\",\"@id\":\"https:\/\/www.miamimoversforless.com\/#website\",\"url\":\"https:\/\/www.miamimoversforless.com\/\",\"name\":\"Miami movers\",\"description\":\"Affordable Florida Moving Company\",\"publisher\":{\"@id\":\"https:\/\/www.miamimoversforless.com\/#organization\"},\"potentialAction\":[{\"@type\":\"SearchAction\",\"target\":{\"@type\":\"EntryPoint\",\"urlTemplate\":\"https:\/\/www.miamimoversforless.com\/?s={search_term_string}\"},\"query-input\":{\"@type\":\"PropertyValueSpecification\",\"valueRequired\":true,\"valueName\":\"search_term_string\"}}],\"inLanguage\":\"es\"},{\"@type\":\"Organization\",\"@id\":\"https:\/\/www.miamimoversforless.com\/#organization\",\"name\":\"Miami Movers For Less | Affordable Florida Moving Company\",\"url\":\"https:\/\/www.miamimoversforless.com\/\",\"logo\":{\"@type\":\"ImageObject\",\"inLanguage\":\"es\",\"@id\":\"https:\/\/www.miamimoversforless.com\/#\/schema\/logo\/image\/\",\"url\":\"https:\/\/i0.wp.com\/www.miamimoversforless.com\/wp-content\/uploads\/2018\/09\/Move-For-Less-INC_logo-header.jpg?fit=273%2C55&ssl=1\",\"contentUrl\":\"https:\/\/i0.wp.com\/www.miamimoversforless.com\/wp-content\/uploads\/2018\/09\/Move-For-Less-INC_logo-header.jpg?fit=273%2C55&ssl=1\",\"width\":273,\"height\":55,\"caption\":\"Miami Movers For Less | Affordable Florida Moving Company\"},\"image\":{\"@id\":\"https:\/\/www.miamimoversforless.com\/#\/schema\/logo\/image\/\"}}]}<\/script>\n<!-- \/ Yoast SEO plugin. -->","yoast_head_json":{"title":"Cont\u00e1ctanos - Miami movers","description":"Need an estimate for your move? Just give us a buzz! Contact us by phone or email at the contact information shown on this page.","robots":{"index":"index","follow":"follow","max-snippet":"max-snippet:-1","max-image-preview":"max-image-preview:large","max-video-preview":"max-video-preview:-1"},"og_locale":"es_ES","og_type":"article","og_title":"Cont\u00e1ctanos - Miami movers","og_description":"Need an estimate for your move? Just give us a buzz! Contact us by phone or email at the contact information shown on this page.","og_url":"https:\/\/www.miamimoversforless.com\/es\/contact-us\/","og_site_name":"Miami movers","article_modified_time":"2019-04-24T14:22:39+00:00","og_image":[{"width":1500,"height":622,"url":"https:\/\/i0.wp.com\/www.miamimoversforless.com\/wp-content\/uploads\/2018\/09\/miami_move_for_less_no_stress.jpg?fit=1500%2C622&ssl=1","type":"image\/jpeg"}],"twitter_card":"summary_large_image","twitter_misc":{"Tiempo de lectura":"4 minutos"},"schema":{"@context":"https:\/\/schema.org","@graph":[{"@type":"WebPage","@id":"https:\/\/www.miamimoversforless.com\/es\/contact-us\/","url":"https:\/\/www.miamimoversforless.com\/es\/contact-us\/","name":"Cont\u00e1ctanos - Miami movers","isPartOf":{"@id":"https:\/\/www.miamimoversforless.com\/#website"},"datePublished":"2019-04-24T14:20:42+00:00","dateModified":"2019-04-24T14:22:39+00:00","description":"Need an estimate for your move? Just give us a buzz! Contact us by phone or email at the contact information shown on this page.","breadcrumb":{"@id":"https:\/\/www.miamimoversforless.com\/es\/contact-us\/#breadcrumb"},"inLanguage":"es","potentialAction":[{"@type":"ReadAction","target":["https:\/\/www.miamimoversforless.com\/es\/contact-us\/"]}]},{"@type":"BreadcrumbList","@id":"https:\/\/www.miamimoversforless.com\/es\/contact-us\/#breadcrumb","itemListElement":[{"@type":"ListItem","position":1,"name":"Home","item":"https:\/\/www.miamimoversforless.com\/es\/"},{"@type":"ListItem","position":2,"name":"Cont\u00e1ctanos"}]},{"@type":"WebSite","@id":"https:\/\/www.miamimoversforless.com\/#website","url":"https:\/\/www.miamimoversforless.com\/","name":"Miami movers","description":"Affordable Florida Moving Company","publisher":{"@id":"https:\/\/www.miamimoversforless.com\/#organization"},"potentialAction":[{"@type":"SearchAction","target":{"@type":"EntryPoint","urlTemplate":"https:\/\/www.miamimoversforless.com\/?s={search_term_string}"},"query-input":{"@type":"PropertyValueSpecification","valueRequired":true,"valueName":"search_term_string"}}],"inLanguage":"es"},{"@type":"Organization","@id":"https:\/\/www.miamimoversforless.com\/#organization","name":"Miami Movers For Less | Affordable Florida Moving Company","url":"https:\/\/www.miamimoversforless.com\/","logo":{"@type":"ImageObject","inLanguage":"es","@id":"https:\/\/www.miamimoversforless.com\/#\/schema\/logo\/image\/","url":"https:\/\/i0.wp.com\/www.miamimoversforless.com\/wp-content\/uploads\/2018\/09\/Move-For-Less-INC_logo-header.jpg?fit=273%2C55&ssl=1","contentUrl":"https:\/\/i0.wp.com\/www.miamimoversforless.com\/wp-content\/uploads\/2018\/09\/Move-For-Less-INC_logo-header.jpg?fit=273%2C55&ssl=1","width":273,"height":55,"caption":"Miami Movers For Less | Affordable Florida Moving Company"},"image":{"@id":"https:\/\/www.miamimoversforless.com\/#\/schema\/logo\/image\/"}}]}},"jetpack_sharing_enabled":true,"jetpack_shortlink":"https:\/\/wp.me\/PafEIl-Q0","_links":{"self":[{"href":"https:\/\/www.miamimoversforless.com\/es\/wp-json\/wp\/v2\/pages\/3224"}],"collection":[{"href":"https:\/\/www.miamimoversforless.com\/es\/wp-json\/wp\/v2\/pages"}],"about":[{"href":"https:\/\/www.miamimoversforless.com\/es\/wp-json\/wp\/v2\/types\/page"}],"author":[{"embeddable":true,"href":"https:\/\/www.miamimoversforless.com\/es\/wp-json\/wp\/v2\/users\/6"}],"replies":[{"embeddable":true,"href":"https:\/\/www.miamimoversforless.com\/es\/wp-json\/wp\/v2\/comments?post=3224"}],"version-history":[{"count":0,"href":"https:\/\/www.miamimoversforless.com\/es\/wp-json\/wp\/v2\/pages\/3224\/revisions"}],"wp:attachment":[{"href":"https:\/\/www.miamimoversforless.com\/es\/wp-json\/wp\/v2\/media?parent=3224"}],"curies":[{"name":"wp","href":"https:\/\/api.w.org\/{rel}","templated":true}]}}