{"id":3265,"date":"2019-04-25T09:15:29","date_gmt":"2019-04-25T09:15:29","guid":{"rendered":"https:\/\/www.miamimoversforless.com\/?page_id=3265"},"modified":"2019-08-15T08:39:08","modified_gmt":"2019-08-15T08:39:08","slug":"privacy-policy","status":"publish","type":"page","link":"https:\/\/www.miamimoversforless.com\/es\/privacy-policy\/","title":{"rendered":"Pol\u00edtica de Privacidad"},"content":{"rendered":"<p>Miami Movers For Less se compromete a mantener tus datos de forma confidencial.<\/p>\n<p>La informaci\u00f3n que obtenemos de ti (nombre, direcci\u00f3n, tel\u00e9fono, email, etc.) la usamos para contactarte y ofrecerte la informaci\u00f3n que nos pidas sobre nuestros servicios de mudanzas en Miami, de embalaje o de almacenamiento.<\/p>\n<p>No compartiremos tus datos con otras personas fuera de nuestra empresa, sin tu permiso. No vendemos ni intercambiamos informaci\u00f3n de nuestros clientes con terceros.<\/p>\n<p>Por favor, cont\u00e1ctanos al <a href=\"tel:+13059153881\">305-915-3881<\/a> para actualizar tu informaci\u00f3n personal en cualquier momento.<\/p>\n","protected":false},"excerpt":{"rendered":"<p>Miami Movers For Less se compromete a mantener tus datos de forma confidencial. La informaci\u00f3n que obtenemos de ti (nombre, direcci\u00f3n, tel\u00e9fono, email, etc.) la usamos para contactarte y ofrecerte la informaci\u00f3n que nos pidas sobre nuestros servicios de mudanzas en Miami, de embalaje o de almacenamiento. No compartiremos tus datos con otras personas fuera [&hellip;]<\/p>\n","protected":false},"author":6,"featured_media":0,"parent":0,"menu_order":0,"comment_status":"closed","ping_status":"closed","template":"","meta":{"_acf_changed":false,"footnotes":""},"acf":[],"yoast_head":"<!-- This site is optimized with the Yoast SEO plugin v24.4 - https:\/\/yoast.com\/wordpress\/plugins\/seo\/ -->\n<title>Pol\u00edtica de Privacidad - Miami movers<\/title>\n<meta name=\"description\" content=\"Por favor, cont\u00e1ctanos al 305-915-3881 para actualizar tu informaci\u00f3n personal en cualquier momento.\" \/>\n<meta name=\"robots\" content=\"index, follow, max-snippet:-1, max-image-preview:large, max-video-preview:-1\" \/>\n<meta property=\"og:locale\" content=\"es_ES\" \/>\n<meta property=\"og:type\" content=\"article\" \/>\n<meta property=\"og:title\" content=\"Pol\u00edtica de Privacidad - Miami movers\" \/>\n<meta property=\"og:description\" content=\"Por favor, cont\u00e1ctanos al 305-915-3881 para actualizar tu informaci\u00f3n personal en cualquier momento.\" \/>\n<meta property=\"og:url\" content=\"https:\/\/www.miamimoversforless.com\/es\/privacy-policy\/\" \/>\n<meta property=\"og:site_name\" content=\"Miami movers\" \/>\n<meta property=\"article:modified_time\" content=\"2019-08-15T08:39:08+00:00\" \/>\n<meta property=\"og:image\" content=\"https:\/\/i0.wp.com\/www.miamimoversforless.com\/wp-content\/uploads\/2018\/09\/miami_move_for_less_no_stress.jpg?fit=1500%2C622&ssl=1\" \/>\n\t<meta property=\"og:image:width\" content=\"1500\" \/>\n\t<meta property=\"og:image:height\" content=\"622\" \/>\n\t<meta property=\"og:image:type\" content=\"image\/jpeg\" \/>\n<meta name=\"twitter:card\" content=\"summary_large_image\" \/>\n<script type=\"application\/ld+json\" class=\"yoast-schema-graph\">{\"@context\":\"https:\/\/schema.org\",\"@graph\":[{\"@type\":\"WebPage\",\"@id\":\"https:\/\/www.miamimoversforless.com\/es\/privacy-policy\/\",\"url\":\"https:\/\/www.miamimoversforless.com\/es\/privacy-policy\/\",\"name\":\"Pol\u00edtica de Privacidad - Miami movers\",\"isPartOf\":{\"@id\":\"https:\/\/www.miamimoversforless.com\/#website\"},\"datePublished\":\"2019-04-25T09:15:29+00:00\",\"dateModified\":\"2019-08-15T08:39:08+00:00\",\"description\":\"Por favor, cont\u00e1ctanos al 305-915-3881 para actualizar tu informaci\u00f3n personal en cualquier momento.\",\"breadcrumb\":{\"@id\":\"https:\/\/www.miamimoversforless.com\/es\/privacy-policy\/#breadcrumb\"},\"inLanguage\":\"es\",\"potentialAction\":[{\"@type\":\"ReadAction\",\"target\":[\"https:\/\/www.miamimoversforless.com\/es\/privacy-policy\/\"]}]},{\"@type\":\"BreadcrumbList\",\"@id\":\"https:\/\/www.miamimoversforless.com\/es\/privacy-policy\/#breadcrumb\",\"itemListElement\":[{\"@type\":\"ListItem\",\"position\":1,\"name\":\"Home\",\"item\":\"https:\/\/www.miamimoversforless.com\/es\/\"},{\"@type\":\"ListItem\",\"position\":2,\"name\":\"Pol\u00edtica de Privacidad\"}]},{\"@type\":\"WebSite\",\"@id\":\"https:\/\/www.miamimoversforless.com\/#website\",\"url\":\"https:\/\/www.miamimoversforless.com\/\",\"name\":\"Miami movers\",\"description\":\"Affordable Florida Moving Company\",\"publisher\":{\"@id\":\"https:\/\/www.miamimoversforless.com\/#organization\"},\"potentialAction\":[{\"@type\":\"SearchAction\",\"target\":{\"@type\":\"EntryPoint\",\"urlTemplate\":\"https:\/\/www.miamimoversforless.com\/?s={search_term_string}\"},\"query-input\":{\"@type\":\"PropertyValueSpecification\",\"valueRequired\":true,\"valueName\":\"search_term_string\"}}],\"inLanguage\":\"es\"},{\"@type\":\"Organization\",\"@id\":\"https:\/\/www.miamimoversforless.com\/#organization\",\"name\":\"Miami Movers For Less | Affordable Florida Moving Company\",\"url\":\"https:\/\/www.miamimoversforless.com\/\",\"logo\":{\"@type\":\"ImageObject\",\"inLanguage\":\"es\",\"@id\":\"https:\/\/www.miamimoversforless.com\/#\/schema\/logo\/image\/\",\"url\":\"https:\/\/i0.wp.com\/www.miamimoversforless.com\/wp-content\/uploads\/2018\/09\/Move-For-Less-INC_logo-header.jpg?fit=273%2C55&ssl=1\",\"contentUrl\":\"https:\/\/i0.wp.com\/www.miamimoversforless.com\/wp-content\/uploads\/2018\/09\/Move-For-Less-INC_logo-header.jpg?fit=273%2C55&ssl=1\",\"width\":273,\"height\":55,\"caption\":\"Miami Movers For Less | Affordable Florida Moving Company\"},\"image\":{\"@id\":\"https:\/\/www.miamimoversforless.com\/#\/schema\/logo\/image\/\"}}]}<\/script>\n<!-- \/ Yoast SEO plugin. -->","yoast_head_json":{"title":"Pol\u00edtica de Privacidad - Miami movers","description":"Por favor, cont\u00e1ctanos al 305-915-3881 para actualizar tu informaci\u00f3n personal en cualquier momento.","robots":{"index":"index","follow":"follow","max-snippet":"max-snippet:-1","max-image-preview":"max-image-preview:large","max-video-preview":"max-video-preview:-1"},"og_locale":"es_ES","og_type":"article","og_title":"Pol\u00edtica de Privacidad - Miami movers","og_description":"Por favor, cont\u00e1ctanos al 305-915-3881 para actualizar tu informaci\u00f3n personal en cualquier momento.","og_url":"https:\/\/www.miamimoversforless.com\/es\/privacy-policy\/","og_site_name":"Miami movers","article_modified_time":"2019-08-15T08:39:08+00:00","og_image":[{"width":1500,"height":622,"url":"https:\/\/i0.wp.com\/www.miamimoversforless.com\/wp-content\/uploads\/2018\/09\/miami_move_for_less_no_stress.jpg?fit=1500%2C622&ssl=1","type":"image\/jpeg"}],"twitter_card":"summary_large_image","schema":{"@context":"https:\/\/schema.org","@graph":[{"@type":"WebPage","@id":"https:\/\/www.miamimoversforless.com\/es\/privacy-policy\/","url":"https:\/\/www.miamimoversforless.com\/es\/privacy-policy\/","name":"Pol\u00edtica de Privacidad - Miami movers","isPartOf":{"@id":"https:\/\/www.miamimoversforless.com\/#website"},"datePublished":"2019-04-25T09:15:29+00:00","dateModified":"2019-08-15T08:39:08+00:00","description":"Por favor, cont\u00e1ctanos al 305-915-3881 para actualizar tu informaci\u00f3n personal en cualquier momento.","breadcrumb":{"@id":"https:\/\/www.miamimoversforless.com\/es\/privacy-policy\/#breadcrumb"},"inLanguage":"es","potentialAction":[{"@type":"ReadAction","target":["https:\/\/www.miamimoversforless.com\/es\/privacy-policy\/"]}]},{"@type":"BreadcrumbList","@id":"https:\/\/www.miamimoversforless.com\/es\/privacy-policy\/#breadcrumb","itemListElement":[{"@type":"ListItem","position":1,"name":"Home","item":"https:\/\/www.miamimoversforless.com\/es\/"},{"@type":"ListItem","position":2,"name":"Pol\u00edtica de Privacidad"}]},{"@type":"WebSite","@id":"https:\/\/www.miamimoversforless.com\/#website","url":"https:\/\/www.miamimoversforless.com\/","name":"Miami movers","description":"Affordable Florida Moving Company","publisher":{"@id":"https:\/\/www.miamimoversforless.com\/#organization"},"potentialAction":[{"@type":"SearchAction","target":{"@type":"EntryPoint","urlTemplate":"https:\/\/www.miamimoversforless.com\/?s={search_term_string}"},"query-input":{"@type":"PropertyValueSpecification","valueRequired":true,"valueName":"search_term_string"}}],"inLanguage":"es"},{"@type":"Organization","@id":"https:\/\/www.miamimoversforless.com\/#organization","name":"Miami Movers For Less | Affordable Florida Moving Company","url":"https:\/\/www.miamimoversforless.com\/","logo":{"@type":"ImageObject","inLanguage":"es","@id":"https:\/\/www.miamimoversforless.com\/#\/schema\/logo\/image\/","url":"https:\/\/i0.wp.com\/www.miamimoversforless.com\/wp-content\/uploads\/2018\/09\/Move-For-Less-INC_logo-header.jpg?fit=273%2C55&ssl=1","contentUrl":"https:\/\/i0.wp.com\/www.miamimoversforless.com\/wp-content\/uploads\/2018\/09\/Move-For-Less-INC_logo-header.jpg?fit=273%2C55&ssl=1","width":273,"height":55,"caption":"Miami Movers For Less | Affordable Florida Moving Company"},"image":{"@id":"https:\/\/www.miamimoversforless.com\/#\/schema\/logo\/image\/"}}]}},"jetpack_sharing_enabled":true,"jetpack_shortlink":"https:\/\/wp.me\/PafEIl-QF","_links":{"self":[{"href":"https:\/\/www.miamimoversforless.com\/es\/wp-json\/wp\/v2\/pages\/3265"}],"collection":[{"href":"https:\/\/www.miamimoversforless.com\/es\/wp-json\/wp\/v2\/pages"}],"about":[{"href":"https:\/\/www.miamimoversforless.com\/es\/wp-json\/wp\/v2\/types\/page"}],"author":[{"embeddable":true,"href":"https:\/\/www.miamimoversforless.com\/es\/wp-json\/wp\/v2\/users\/6"}],"replies":[{"embeddable":true,"href":"https:\/\/www.miamimoversforless.com\/es\/wp-json\/wp\/v2\/comments?post=3265"}],"version-history":[{"count":0,"href":"https:\/\/www.miamimoversforless.com\/es\/wp-json\/wp\/v2\/pages\/3265\/revisions"}],"wp:attachment":[{"href":"https:\/\/www.miamimoversforless.com\/es\/wp-json\/wp\/v2\/media?parent=3265"}],"curies":[{"name":"wp","href":"https:\/\/api.w.org\/{rel}","templated":true}]}}