{"id":3267,"date":"2019-04-25T09:42:05","date_gmt":"2019-04-25T09:42:05","guid":{"rendered":"https:\/\/www.miamimoversforless.com\/?page_id=3267"},"modified":"2025-09-01T14:21:20","modified_gmt":"2025-09-01T14:21:20","slug":"residential-moving","status":"publish","type":"page","link":"https:\/\/www.miamimoversforless.com\/es\/residential-moving\/","title":{"rendered":"Mudanzas residenciales"},"content":{"rendered":"<p>Cuando tienes que hacer una mudanza en Miami necesitas profesionales en los que puedas confiar completamente para manejar tus objetos personales y los de tu familia. Para ello, Miami Movers For Less es tu mejor opci\u00f3n. Nuestro equipo de profesionales es experimentado y confiable, tiene el conocimiento y habilidades necesarias para ayudarte a tener una mudanza libre de molestias. Te puedes estar mudando de un sitio a otro en Miami, dentro del estado o al otro lado del pa\u00eds, o mudanzas internacionales desde Miami\u2026 Nuestra agencia de mudanzas en Miami cuenta con servicios que se adaptan a tus necesidades.<\/p>\n<figure id=\"attachment_522\" aria-describedby=\"caption-attachment-522\" style=\"width: 300px\" class=\"wp-caption aligncenter\"><img loading=\"lazy\" decoding=\"async\" data-attachment-id=\"3268\" data-permalink=\"https:\/\/www.miamimoversforless.com\/es\/residential-moving\/new-1572747__340\/\" data-orig-file=\"https:\/\/i0.wp.com\/www.miamimoversforless.com\/wp-content\/uploads\/2018\/09\/new-1572747__340.jpg?fit=529%2C340&amp;ssl=1\" data-orig-size=\"529,340\" data-comments-opened=\"1\" data-image-meta=\"{&quot;aperture&quot;:&quot;0&quot;,&quot;credit&quot;:&quot;&quot;,&quot;camera&quot;:&quot;NIKON D7000&quot;,&quot;caption&quot;:&quot;&quot;,&quot;created_timestamp&quot;:&quot;0&quot;,&quot;copyright&quot;:&quot;&quot;,&quot;focal_length&quot;:&quot;0&quot;,&quot;iso&quot;:&quot;0&quot;,&quot;shutter_speed&quot;:&quot;0&quot;,&quot;title&quot;:&quot;&quot;,&quot;orientation&quot;:&quot;0&quot;}\" data-image-title=\"new-1572747__340\" data-image-description=\"\" data-image-caption=\"\" data-medium-file=\"https:\/\/i0.wp.com\/www.miamimoversforless.com\/wp-content\/uploads\/2018\/09\/new-1572747__340.jpg?fit=300%2C193&amp;ssl=1\" data-large-file=\"https:\/\/i0.wp.com\/www.miamimoversforless.com\/wp-content\/uploads\/2018\/09\/new-1572747__340.jpg?fit=529%2C340&amp;ssl=1\" tabindex=\"0\" role=\"button\" class=\"wp-image-3268 size-medium\" src=\"https:\/\/i0.wp.com\/www.miamimoversforless.com\/wp-content\/uploads\/2018\/09\/new-1572747__340.jpg?resize=300%2C193&#038;ssl=1\" alt=\"House\" width=\"300\" height=\"193\" srcset=\"https:\/\/i0.wp.com\/www.miamimoversforless.com\/wp-content\/uploads\/2018\/09\/new-1572747__340.jpg?resize=300%2C193&amp;ssl=1 300w, https:\/\/i0.wp.com\/www.miamimoversforless.com\/wp-content\/uploads\/2018\/09\/new-1572747__340.jpg?w=529&amp;ssl=1 529w\" sizes=\"(max-width: 300px) 100vw, 300px\" data-recalc-dims=\"1\" \/><figcaption id=\"caption-attachment-522\" class=\"wp-caption-text\">Miami Movers for Less se encarga de la relocalizaci\u00f3n de tu hogar<\/figcaption><\/figure>\n<h2><strong>\u00bfQu\u00e9 nos diferencia de otras compa\u00f1\u00edas de mudanzas residenciales en Miami?<\/strong><\/h2>\n<p>Nuestro enfoque personalizado es lo que nos separa del resto de agencias de mudanzas en Miami. Nuestro equipo de mudanzas residenciales es amigable, amable, y se encargar\u00e1n de tus pertenencias con el mejor cuidado y respeto posible. Hacemos un plan personalizado para las necesidades de cada cliente. Puedes contar con un servicio completo, confiable y al mejor precio para manejar tu mudanza residencial sin problemas.<\/p>\n<p>Con nuestro enfoque personal puedes tener una experiencia inolvidable de mudanza en Florida. No muchas compa\u00f1\u00edas siguen nuestro modelo. No todos le prestan atenci\u00f3n a los detalles sobre tus necesidades y deseos. Una experiencia satisfactoria requiere una planificaci\u00f3n que respete tu tiempo y presupuesto. Siempre estamos preparados para ofrecerte una mudanza residencial que se adapte a tus horarios y l\u00edmites financieros.<\/p>\n<p><strong>No importa cu\u00e1l sea tu destino, con la ayuda de nuestros recursos, tu mudanza residencial en Miami ser\u00e1 una experiencia memorable<\/strong>. Para tu satisfacci\u00f3n tambi\u00e9n contamos con los mejores materiales de embalaje junto a la renta de camiones para mudanzas en Miami, puedes relajarte sabiendo que tu proceso est\u00e1 en las mejores manos.<\/p>\n<figure id=\"attachment_523\" aria-describedby=\"caption-attachment-523\" style=\"width: 300px\" class=\"wp-caption aligncenter\"><img loading=\"lazy\" decoding=\"async\" data-attachment-id=\"3269\" data-permalink=\"https:\/\/www.miamimoversforless.com\/es\/residential-moving\/home-3370178__340\/\" data-orig-file=\"https:\/\/i0.wp.com\/www.miamimoversforless.com\/wp-content\/uploads\/2018\/09\/home-3370178__340.jpg?fit=509%2C340&amp;ssl=1\" data-orig-size=\"509,340\" data-comments-opened=\"1\" data-image-meta=\"{&quot;aperture&quot;:&quot;0&quot;,&quot;credit&quot;:&quot;&quot;,&quot;camera&quot;:&quot;&quot;,&quot;caption&quot;:&quot;&quot;,&quot;created_timestamp&quot;:&quot;0&quot;,&quot;copyright&quot;:&quot;&quot;,&quot;focal_length&quot;:&quot;0&quot;,&quot;iso&quot;:&quot;0&quot;,&quot;shutter_speed&quot;:&quot;0&quot;,&quot;title&quot;:&quot;&quot;,&quot;orientation&quot;:&quot;0&quot;}\" data-image-title=\"home-3370178__340\" data-image-description=\"\" data-image-caption=\"&lt;p&gt;We want to make your residential move a pleasant experience&lt;\/p&gt;\n\" data-medium-file=\"https:\/\/i0.wp.com\/www.miamimoversforless.com\/wp-content\/uploads\/2018\/09\/home-3370178__340.jpg?fit=300%2C200&amp;ssl=1\" data-large-file=\"https:\/\/i0.wp.com\/www.miamimoversforless.com\/wp-content\/uploads\/2018\/09\/home-3370178__340.jpg?fit=509%2C340&amp;ssl=1\" tabindex=\"0\" role=\"button\" class=\"wp-image-3269 size-medium\" src=\"https:\/\/i0.wp.com\/www.miamimoversforless.com\/wp-content\/uploads\/2018\/09\/home-3370178__340.jpg?resize=300%2C200&#038;ssl=1\" alt=\"man and woman \" width=\"300\" height=\"200\" srcset=\"https:\/\/i0.wp.com\/www.miamimoversforless.com\/wp-content\/uploads\/2018\/09\/home-3370178__340.jpg?resize=300%2C200&amp;ssl=1 300w, https:\/\/i0.wp.com\/www.miamimoversforless.com\/wp-content\/uploads\/2018\/09\/home-3370178__340.jpg?w=509&amp;ssl=1 509w\" sizes=\"(max-width: 300px) 100vw, 300px\" data-recalc-dims=\"1\" \/><figcaption id=\"caption-attachment-523\" class=\"wp-caption-text\">Queremos hacer de tu mudanza residencial en Miami una experiencia agradable<\/figcaption><\/figure>\n<h2><strong>Nuestros objetivos<\/strong><\/h2>\n<p><strong>Nuestro objetivo principal es expandir nuestra red de clientes satisfechos en Florida.<\/strong> Es por eso que invertimos constantemente en la mejor\u00eda de nuestros servicios de mudanzas residenciales para siempre sobrepasar las expectativas de nuestros usuarios. Miami Movers For Less se hace cargo de tus requerimientos espec\u00edficos y presupuesto.<\/p>\n<p>Nuestra agencia de mudanzas en Miami cuenta con un equipo de profesionales experimentados y confiables que tendr\u00e1n el mejor cuidado posible con tus pertenencias. Puedes contar con nuestra ayuda profesional en cada paso del proceso de mudanza. Tendr\u00e1s la certeza de que tus cosas est\u00e1n en manos buenas y seguras. Nuestro objetivo es mantenerte a ti y a tus objetos protegidos durante todo el camino. Esto nos convierte en una de las compa\u00f1\u00edas de mudanzas en Florida con mejores evaluaciones. Nuestra satisfecha clientela nos pone en el tope de las agencias de mudanzas baratas en Miami.<\/p>\n<h2><strong>Ofrecemos servicios de mudanzas residenciales integrales<\/strong><\/h2>\n<p>Tenemos una amplia gama de servicios para ofrecer una relocalizaci\u00f3n residencial exitosa en Estados Unidos. Ya sea que un cliente quiera mudarse a Miami, o desde Miami a otra ciudad en los 48 estados continentales, puede contar con los siguientes servicios:<\/p>\n<ul>\n<li><strong>Embalaje<\/strong><\/li>\n<li><strong>Almacenamiento<\/strong><\/li>\n<li><strong>Protecci\u00f3n de tus pertenencias<\/strong><\/li>\n<li><strong>Mudanzas locales<\/strong><\/li>\n<li><strong>Mudanzas de larga distancia<\/strong><\/li>\n<\/ul>\n<p>Todos estos servicios incluyen materiales de embalaje de alta calidad como cajas, cinta adhesiva, papel de embalaje, papel pl\u00e1stico y m\u00e1s. Todo lo que necesitas para una experiencia agradable lo puedes obtener de nuestra agencia de mudanzas en Miami.<\/p>\n<p>Puedes estar seguro de que tus pertenencias est\u00e1n en las mejores manos y puedes contar con presupuesto gratuito que haremos directamente en tu casa. Cont\u00e1ctanos para obtener un presupuesto de nuestros servicios eficientes y costeables.<\/p>\n<h2><strong>As\u00ed ser\u00eda tu mudanza residencial con nuestra agencia de mudanzas en Miami<\/strong><\/h2>\n<p>Si quieres saber c\u00f3mo ser\u00eda el proceso de mudanza de tu hogar con nosotros, aqu\u00ed te lo mostramos\u2026<\/p>\n<h3><strong>Cada mudanza residencial exitosa comienza con buena planificaci\u00f3n <\/strong><\/h3>\n<p>Con un equipo de profesionales de mudanzas residenciales en Miami, puedes obtener ayuda en cada paso de tu proceso de relocalizaci\u00f3n. Podemos ayudarte con tus requerimientos, hacer un plan y estimar un presupuesto. Nuestro agente se preocupar\u00e1 por todas tus pertenencias. No temas en decirle todo lo que necesitas para que nuestro equipo pueda hacerlo.<\/p>\n<h3><strong>Embalaje y Carga<\/strong><\/h3>\n<p>Nuestro equipo de profesionales de mudanzas en Miami cuenta con personal especializado en embalaje adem\u00e1s de conductores con la experiencia y habilidades necesarias para cargar el cami\u00f3n de mudanzas con todas tus pertenencias protegidas y embaladas correctamente. Ellos estar\u00e1n a cargo del trabajo pesado de mover todos tus objetos. En esta parte del proceso de mudanza residencial cuentas con:<\/p>\n<ul>\n<li><em>Materiales de embalaje de calidad y coberturas para proteger todos tus objetos<\/em><\/li>\n<li><em>Un inventario<\/em><\/li>\n<li><em>Identificaci\u00f3n para todas las cajas<\/em><\/li>\n<li><em>Renta de camiones para mudanzas en Miami, con carga y descarga<\/em><\/li>\n<\/ul>\n<figure id=\"attachment_524\" aria-describedby=\"caption-attachment-524\" style=\"width: 300px\" class=\"wp-caption aligncenter\"><img loading=\"lazy\" decoding=\"async\" data-attachment-id=\"3270\" data-permalink=\"https:\/\/www.miamimoversforless.com\/es\/residential-moving\/moving-boxes-3660269__340\/\" data-orig-file=\"https:\/\/i0.wp.com\/www.miamimoversforless.com\/wp-content\/uploads\/2018\/09\/moving-boxes-3660269__340.png?fit=409%2C340&amp;ssl=1\" data-orig-size=\"409,340\" data-comments-opened=\"1\" data-image-meta=\"{&quot;aperture&quot;:&quot;0&quot;,&quot;credit&quot;:&quot;&quot;,&quot;camera&quot;:&quot;&quot;,&quot;caption&quot;:&quot;&quot;,&quot;created_timestamp&quot;:&quot;0&quot;,&quot;copyright&quot;:&quot;&quot;,&quot;focal_length&quot;:&quot;0&quot;,&quot;iso&quot;:&quot;0&quot;,&quot;shutter_speed&quot;:&quot;0&quot;,&quot;title&quot;:&quot;&quot;,&quot;orientation&quot;:&quot;0&quot;}\" data-image-title=\"moving-boxes-3660269__340\" data-image-description=\"&lt;p&gt;One of the moving services to expect from your movers is supply packing material&lt;\/p&gt;\n\" data-image-caption=\"&lt;p&gt;Supplying packing materials is one of the moving services to expect from your movers&lt;\/p&gt;\n\" data-medium-file=\"https:\/\/i0.wp.com\/www.miamimoversforless.com\/wp-content\/uploads\/2018\/09\/moving-boxes-3660269__340.png?fit=300%2C249&amp;ssl=1\" data-large-file=\"https:\/\/i0.wp.com\/www.miamimoversforless.com\/wp-content\/uploads\/2018\/09\/moving-boxes-3660269__340.png?fit=409%2C340&amp;ssl=1\" tabindex=\"0\" role=\"button\" class=\"wp-image-3270 size-medium\" src=\"https:\/\/i0.wp.com\/www.miamimoversforless.com\/wp-content\/uploads\/2018\/09\/moving-boxes-3660269__340.png?resize=300%2C249&#038;ssl=1\" alt=\"Moving boxes\" width=\"300\" height=\"249\" srcset=\"https:\/\/i0.wp.com\/www.miamimoversforless.com\/wp-content\/uploads\/2018\/09\/moving-boxes-3660269__340.png?resize=300%2C249&amp;ssl=1 300w, https:\/\/i0.wp.com\/www.miamimoversforless.com\/wp-content\/uploads\/2018\/09\/moving-boxes-3660269__340.png?w=409&amp;ssl=1 409w\" sizes=\"(max-width: 300px) 100vw, 300px\" data-recalc-dims=\"1\" \/><figcaption id=\"caption-attachment-524\" class=\"wp-caption-text\">Nuestra agencia de mudanzas en Miami te ofrece materiales de embalaje de calidad<\/figcaption><\/figure>\n<h3><strong>Entrega de tus objetos personales<\/strong><\/h3>\n<p><strong>Con nuestra empresa de mudanzas residenciales en Miami puedes contar con que todas tus pertenencias llegar\u00e1n a su destino a salvo.<\/strong> Nuestro conductor te contactar\u00e1 para que sepas la hora exacta en la que llegar\u00e1 el cami\u00f3n de mudanzas. En esta etapa nos podemos encargar de descargar y desembalar todos los objetos, para asegurar la integridad de tus pertenencias.<\/p>\n<p>Adem\u00e1s, tenemos experiencia rearmando los muebles en tu nueva casa. Es en este momento donde debes chequear la condici\u00f3n en la que fueron entregados cada uno de tus objetos, para esto cuentas con el inventario y debes notificar cualquier cosa que falte o se haya da\u00f1ado.<\/p>\n<figure id=\"attachment_525\" aria-describedby=\"caption-attachment-525\" style=\"width: 300px\" class=\"wp-caption aligncenter\"><img loading=\"lazy\" decoding=\"async\" data-attachment-id=\"3271\" data-permalink=\"https:\/\/www.miamimoversforless.com\/es\/residential-moving\/new-home-3105179__340\/\" data-orig-file=\"https:\/\/i0.wp.com\/www.miamimoversforless.com\/wp-content\/uploads\/2018\/09\/new-home-3105179__340.png?fit=509%2C340&amp;ssl=1\" data-orig-size=\"509,340\" data-comments-opened=\"1\" data-image-meta=\"{&quot;aperture&quot;:&quot;0&quot;,&quot;credit&quot;:&quot;&quot;,&quot;camera&quot;:&quot;&quot;,&quot;caption&quot;:&quot;&quot;,&quot;created_timestamp&quot;:&quot;0&quot;,&quot;copyright&quot;:&quot;&quot;,&quot;focal_length&quot;:&quot;0&quot;,&quot;iso&quot;:&quot;0&quot;,&quot;shutter_speed&quot;:&quot;0&quot;,&quot;title&quot;:&quot;&quot;,&quot;orientation&quot;:&quot;0&quot;}\" data-image-title=\"new-home-3105179__340\" data-image-description=\"&lt;p&gt;Plan and make a list of things you should do when decluttering home&lt;\/p&gt;\n\" data-image-caption=\"&lt;p&gt;Make a list of jobs that you need to to when decluttering home&lt;\/p&gt;\n\" data-medium-file=\"https:\/\/i0.wp.com\/www.miamimoversforless.com\/wp-content\/uploads\/2018\/09\/new-home-3105179__340.png?fit=300%2C200&amp;ssl=1\" data-large-file=\"https:\/\/i0.wp.com\/www.miamimoversforless.com\/wp-content\/uploads\/2018\/09\/new-home-3105179__340.png?fit=509%2C340&amp;ssl=1\" tabindex=\"0\" role=\"button\" class=\"wp-image-3271 size-medium\" src=\"https:\/\/i0.wp.com\/www.miamimoversforless.com\/wp-content\/uploads\/2018\/09\/new-home-3105179__340.png?resize=300%2C200&#038;ssl=1\" alt=\"New home\" width=\"300\" height=\"200\" srcset=\"https:\/\/i0.wp.com\/www.miamimoversforless.com\/wp-content\/uploads\/2018\/09\/new-home-3105179__340.png?resize=300%2C200&amp;ssl=1 300w, https:\/\/i0.wp.com\/www.miamimoversforless.com\/wp-content\/uploads\/2018\/09\/new-home-3105179__340.png?w=509&amp;ssl=1 509w\" sizes=\"(max-width: 300px) 100vw, 300px\" data-recalc-dims=\"1\" \/><figcaption id=\"caption-attachment-525\" class=\"wp-caption-text\">With reliable residential moving services, you can easily make a transition to your new home<\/figcaption><\/figure>\n<h2><strong>En tu b\u00fasqueda de empresas de mudanzas en Florida \u2013 \u00a1Miami Movers For Less es tu mejor elecci\u00f3n!<\/strong><\/h2>\n<p>Las mudanzas de residencias son una de las experiencias m\u00e1s comunes. Existen muchas agencias de mudanzas en Miami para escoger, pero siempre debes elegir una en la que puedas confiar. Estar\u00e1s entregando todas las cosas de valor, tuyas y de tu familia.<\/p>\n<p>Nuestra compa\u00f1\u00eda ya cuenta con m\u00e1s de 11 a\u00f1os en el mercado, contamos con mucha experiencia y un historial de clientes satisfechos. Nuestros servicios har\u00e1n que tu mudanza residencial sea exitosa. <em>Somos el puente seguro hacia tu nuevo hogar. Nosotros ponemos el esfuerzo para hacer realidad tus sue\u00f1os.<\/em><\/p>\n","protected":false},"excerpt":{"rendered":"<p>Cuando tienes que hacer una mudanza en Miami necesitas profesionales en los que puedas confiar completamente para manejar tus objetos personales y los de tu familia. Para ello, Miami Movers For Less es tu mejor opci\u00f3n. Nuestro equipo de profesionales es experimentado y confiable, tiene el conocimiento y habilidades necesarias para ayudarte a tener una [&hellip;]<\/p>\n","protected":false},"author":6,"featured_media":0,"parent":0,"menu_order":0,"comment_status":"closed","ping_status":"closed","template":"","meta":{"_acf_changed":false,"footnotes":""},"acf":[],"yoast_head":"<!-- This site is optimized with the Yoast SEO plugin v24.4 - https:\/\/yoast.com\/wordpress\/plugins\/seo\/ -->\n<title>Mudanzas residenciales - Miami movers<\/title>\n<meta name=\"description\" content=\"Nuestro equipo de profesionales es experimentado y tiene el conocimiento y habilidades necesarias para ayudarte a tener una mudanza libre de molestias.\" \/>\n<meta name=\"robots\" content=\"index, follow, max-snippet:-1, max-image-preview:large, max-video-preview:-1\" \/>\n<meta property=\"og:locale\" content=\"es_ES\" \/>\n<meta property=\"og:type\" content=\"article\" \/>\n<meta property=\"og:title\" content=\"Mudanzas residenciales - Miami movers\" \/>\n<meta property=\"og:description\" content=\"Nuestro equipo de profesionales es experimentado y tiene el conocimiento y habilidades necesarias para ayudarte a tener una mudanza libre de molestias.\" \/>\n<meta property=\"og:url\" content=\"https:\/\/www.miamimoversforless.com\/es\/residential-moving\/\" \/>\n<meta property=\"og:site_name\" content=\"Miami movers\" \/>\n<meta property=\"article:modified_time\" content=\"2025-09-01T14:21:20+00:00\" \/>\n<meta property=\"og:image\" content=\"https:\/\/www.miamimoversforless.com\/wp-content\/uploads\/2018\/09\/new-1572747__340-300x193.jpg\" \/>\n<meta name=\"twitter:card\" content=\"summary_large_image\" \/>\n<meta name=\"twitter:label1\" content=\"Tiempo de lectura\" \/>\n\t<meta name=\"twitter:data1\" content=\"6 minutos\" \/>\n<script type=\"application\/ld+json\" class=\"yoast-schema-graph\">{\"@context\":\"https:\/\/schema.org\",\"@graph\":[{\"@type\":\"WebPage\",\"@id\":\"https:\/\/www.miamimoversforless.com\/es\/residential-moving\/\",\"url\":\"https:\/\/www.miamimoversforless.com\/es\/residential-moving\/\",\"name\":\"Mudanzas residenciales - Miami movers\",\"isPartOf\":{\"@id\":\"https:\/\/www.miamimoversforless.com\/#website\"},\"primaryImageOfPage\":{\"@id\":\"https:\/\/www.miamimoversforless.com\/es\/residential-moving\/#primaryimage\"},\"image\":{\"@id\":\"https:\/\/www.miamimoversforless.com\/es\/residential-moving\/#primaryimage\"},\"thumbnailUrl\":\"https:\/\/www.miamimoversforless.com\/wp-content\/uploads\/2018\/09\/new-1572747__340-300x193.jpg\",\"datePublished\":\"2019-04-25T09:42:05+00:00\",\"dateModified\":\"2025-09-01T14:21:20+00:00\",\"description\":\"Nuestro equipo de profesionales es experimentado y tiene el conocimiento y habilidades necesarias para ayudarte a tener una mudanza libre de molestias.\",\"breadcrumb\":{\"@id\":\"https:\/\/www.miamimoversforless.com\/es\/residential-moving\/#breadcrumb\"},\"inLanguage\":\"es\",\"potentialAction\":[{\"@type\":\"ReadAction\",\"target\":[\"https:\/\/www.miamimoversforless.com\/es\/residential-moving\/\"]}]},{\"@type\":\"ImageObject\",\"inLanguage\":\"es\",\"@id\":\"https:\/\/www.miamimoversforless.com\/es\/residential-moving\/#primaryimage\",\"url\":\"https:\/\/www.miamimoversforless.com\/wp-content\/uploads\/2018\/09\/new-1572747__340-300x193.jpg\",\"contentUrl\":\"https:\/\/www.miamimoversforless.com\/wp-content\/uploads\/2018\/09\/new-1572747__340-300x193.jpg\"},{\"@type\":\"BreadcrumbList\",\"@id\":\"https:\/\/www.miamimoversforless.com\/es\/residential-moving\/#breadcrumb\",\"itemListElement\":[{\"@type\":\"ListItem\",\"position\":1,\"name\":\"Home\",\"item\":\"https:\/\/www.miamimoversforless.com\/es\/\"},{\"@type\":\"ListItem\",\"position\":2,\"name\":\"Mudanzas residenciales\"}]},{\"@type\":\"WebSite\",\"@id\":\"https:\/\/www.miamimoversforless.com\/#website\",\"url\":\"https:\/\/www.miamimoversforless.com\/\",\"name\":\"Miami movers\",\"description\":\"Affordable Florida Moving Company\",\"publisher\":{\"@id\":\"https:\/\/www.miamimoversforless.com\/#organization\"},\"potentialAction\":[{\"@type\":\"SearchAction\",\"target\":{\"@type\":\"EntryPoint\",\"urlTemplate\":\"https:\/\/www.miamimoversforless.com\/?s={search_term_string}\"},\"query-input\":{\"@type\":\"PropertyValueSpecification\",\"valueRequired\":true,\"valueName\":\"search_term_string\"}}],\"inLanguage\":\"es\"},{\"@type\":\"Organization\",\"@id\":\"https:\/\/www.miamimoversforless.com\/#organization\",\"name\":\"Miami Movers For Less | Affordable Florida Moving Company\",\"url\":\"https:\/\/www.miamimoversforless.com\/\",\"logo\":{\"@type\":\"ImageObject\",\"inLanguage\":\"es\",\"@id\":\"https:\/\/www.miamimoversforless.com\/#\/schema\/logo\/image\/\",\"url\":\"https:\/\/i0.wp.com\/www.miamimoversforless.com\/wp-content\/uploads\/2018\/09\/Move-For-Less-INC_logo-header.jpg?fit=273%2C55&ssl=1\",\"contentUrl\":\"https:\/\/i0.wp.com\/www.miamimoversforless.com\/wp-content\/uploads\/2018\/09\/Move-For-Less-INC_logo-header.jpg?fit=273%2C55&ssl=1\",\"width\":273,\"height\":55,\"caption\":\"Miami Movers For Less | Affordable Florida Moving Company\"},\"image\":{\"@id\":\"https:\/\/www.miamimoversforless.com\/#\/schema\/logo\/image\/\"}}]}<\/script>\n<!-- \/ Yoast SEO plugin. -->","yoast_head_json":{"title":"Mudanzas residenciales - Miami movers","description":"Nuestro equipo de profesionales es experimentado y tiene el conocimiento y habilidades necesarias para ayudarte a tener una mudanza libre de molestias.","robots":{"index":"index","follow":"follow","max-snippet":"max-snippet:-1","max-image-preview":"max-image-preview:large","max-video-preview":"max-video-preview:-1"},"og_locale":"es_ES","og_type":"article","og_title":"Mudanzas residenciales - Miami movers","og_description":"Nuestro equipo de profesionales es experimentado y tiene el conocimiento y habilidades necesarias para ayudarte a tener una mudanza libre de molestias.","og_url":"https:\/\/www.miamimoversforless.com\/es\/residential-moving\/","og_site_name":"Miami movers","article_modified_time":"2025-09-01T14:21:20+00:00","og_image":[{"url":"https:\/\/www.miamimoversforless.com\/wp-content\/uploads\/2018\/09\/new-1572747__340-300x193.jpg","type":"","width":"","height":""}],"twitter_card":"summary_large_image","twitter_misc":{"Tiempo de lectura":"6 minutos"},"schema":{"@context":"https:\/\/schema.org","@graph":[{"@type":"WebPage","@id":"https:\/\/www.miamimoversforless.com\/es\/residential-moving\/","url":"https:\/\/www.miamimoversforless.com\/es\/residential-moving\/","name":"Mudanzas residenciales - Miami movers","isPartOf":{"@id":"https:\/\/www.miamimoversforless.com\/#website"},"primaryImageOfPage":{"@id":"https:\/\/www.miamimoversforless.com\/es\/residential-moving\/#primaryimage"},"image":{"@id":"https:\/\/www.miamimoversforless.com\/es\/residential-moving\/#primaryimage"},"thumbnailUrl":"https:\/\/www.miamimoversforless.com\/wp-content\/uploads\/2018\/09\/new-1572747__340-300x193.jpg","datePublished":"2019-04-25T09:42:05+00:00","dateModified":"2025-09-01T14:21:20+00:00","description":"Nuestro equipo de profesionales es experimentado y tiene el conocimiento y habilidades necesarias para ayudarte a tener una mudanza libre de molestias.","breadcrumb":{"@id":"https:\/\/www.miamimoversforless.com\/es\/residential-moving\/#breadcrumb"},"inLanguage":"es","potentialAction":[{"@type":"ReadAction","target":["https:\/\/www.miamimoversforless.com\/es\/residential-moving\/"]}]},{"@type":"ImageObject","inLanguage":"es","@id":"https:\/\/www.miamimoversforless.com\/es\/residential-moving\/#primaryimage","url":"https:\/\/www.miamimoversforless.com\/wp-content\/uploads\/2018\/09\/new-1572747__340-300x193.jpg","contentUrl":"https:\/\/www.miamimoversforless.com\/wp-content\/uploads\/2018\/09\/new-1572747__340-300x193.jpg"},{"@type":"BreadcrumbList","@id":"https:\/\/www.miamimoversforless.com\/es\/residential-moving\/#breadcrumb","itemListElement":[{"@type":"ListItem","position":1,"name":"Home","item":"https:\/\/www.miamimoversforless.com\/es\/"},{"@type":"ListItem","position":2,"name":"Mudanzas residenciales"}]},{"@type":"WebSite","@id":"https:\/\/www.miamimoversforless.com\/#website","url":"https:\/\/www.miamimoversforless.com\/","name":"Miami movers","description":"Affordable Florida Moving Company","publisher":{"@id":"https:\/\/www.miamimoversforless.com\/#organization"},"potentialAction":[{"@type":"SearchAction","target":{"@type":"EntryPoint","urlTemplate":"https:\/\/www.miamimoversforless.com\/?s={search_term_string}"},"query-input":{"@type":"PropertyValueSpecification","valueRequired":true,"valueName":"search_term_string"}}],"inLanguage":"es"},{"@type":"Organization","@id":"https:\/\/www.miamimoversforless.com\/#organization","name":"Miami Movers For Less | Affordable Florida Moving Company","url":"https:\/\/www.miamimoversforless.com\/","logo":{"@type":"ImageObject","inLanguage":"es","@id":"https:\/\/www.miamimoversforless.com\/#\/schema\/logo\/image\/","url":"https:\/\/i0.wp.com\/www.miamimoversforless.com\/wp-content\/uploads\/2018\/09\/Move-For-Less-INC_logo-header.jpg?fit=273%2C55&ssl=1","contentUrl":"https:\/\/i0.wp.com\/www.miamimoversforless.com\/wp-content\/uploads\/2018\/09\/Move-For-Less-INC_logo-header.jpg?fit=273%2C55&ssl=1","width":273,"height":55,"caption":"Miami Movers For Less | Affordable Florida Moving Company"},"image":{"@id":"https:\/\/www.miamimoversforless.com\/#\/schema\/logo\/image\/"}}]}},"jetpack_sharing_enabled":true,"jetpack_shortlink":"https:\/\/wp.me\/PafEIl-QH","_links":{"self":[{"href":"https:\/\/www.miamimoversforless.com\/es\/wp-json\/wp\/v2\/pages\/3267"}],"collection":[{"href":"https:\/\/www.miamimoversforless.com\/es\/wp-json\/wp\/v2\/pages"}],"about":[{"href":"https:\/\/www.miamimoversforless.com\/es\/wp-json\/wp\/v2\/types\/page"}],"author":[{"embeddable":true,"href":"https:\/\/www.miamimoversforless.com\/es\/wp-json\/wp\/v2\/users\/6"}],"replies":[{"embeddable":true,"href":"https:\/\/www.miamimoversforless.com\/es\/wp-json\/wp\/v2\/comments?post=3267"}],"version-history":[{"count":0,"href":"https:\/\/www.miamimoversforless.com\/es\/wp-json\/wp\/v2\/pages\/3267\/revisions"}],"wp:attachment":[{"href":"https:\/\/www.miamimoversforless.com\/es\/wp-json\/wp\/v2\/media?parent=3267"}],"curies":[{"name":"wp","href":"https:\/\/api.w.org\/{rel}","templated":true}]}}