{"id":3293,"date":"2019-04-29T18:23:42","date_gmt":"2019-04-29T18:23:42","guid":{"rendered":"https:\/\/www.miamimoversforless.com\/?page_id=3293"},"modified":"2025-09-01T14:31:27","modified_gmt":"2025-09-01T14:31:27","slug":"storage-service","status":"publish","type":"page","link":"https:\/\/www.miamimoversforless.com\/es\/storage-service\/","title":{"rendered":"Servicios de almacenamiento"},"content":{"rendered":"<p>\u00bfNecesitas un lugar seguro y barato para almacenar algunos de tus objetos? Podemos guardar tus cosas en nuestras m\u00faltiples instalaciones de almacenamiento en Miami. Sin importar el tama\u00f1o o peso de tus objetos, te ofrecemos una opci\u00f3n segura para resguardarlos.<\/p>\n<p>\u00bfQuieres que tus pertenencias est\u00e9n en un lugar convenientemente ubicado cerca de tu hogar o negocio? \u00bfQuieres unidades de almacenamiento accesibles? Entonces somos tu mejor opci\u00f3n. En nuestros dep\u00f3sitos en Miami tus cosas estar\u00e1n seguras, limpias y protegidas por el tiempo que necesites.<\/p>\n<figure id=\"attachment_944\" aria-describedby=\"caption-attachment-944\" style=\"width: 300px\" class=\"wp-caption aligncenter\"><img loading=\"lazy\" decoding=\"async\" data-attachment-id=\"3294\" data-permalink=\"https:\/\/www.miamimoversforless.com\/es\/storage-service\/photo-1502664386630-1000f504623f\/\" data-orig-file=\"https:\/\/i0.wp.com\/www.miamimoversforless.com\/wp-content\/uploads\/2018\/10\/photo-1502664386630-1000f504623f.jpg?fit=500%2C383&amp;ssl=1\" data-orig-size=\"500,383\" data-comments-opened=\"1\" data-image-meta=\"{&quot;aperture&quot;:&quot;0&quot;,&quot;credit&quot;:&quot;&quot;,&quot;camera&quot;:&quot;&quot;,&quot;caption&quot;:&quot;&quot;,&quot;created_timestamp&quot;:&quot;0&quot;,&quot;copyright&quot;:&quot;&quot;,&quot;focal_length&quot;:&quot;0&quot;,&quot;iso&quot;:&quot;0&quot;,&quot;shutter_speed&quot;:&quot;0&quot;,&quot;title&quot;:&quot;&quot;,&quot;orientation&quot;:&quot;0&quot;}\" data-image-title=\"photo-1502664386630-1000f504623f\" data-image-description=\"\" data-image-caption=\"\" data-medium-file=\"https:\/\/i0.wp.com\/www.miamimoversforless.com\/wp-content\/uploads\/2018\/10\/photo-1502664386630-1000f504623f.jpg?fit=300%2C230&amp;ssl=1\" data-large-file=\"https:\/\/i0.wp.com\/www.miamimoversforless.com\/wp-content\/uploads\/2018\/10\/photo-1502664386630-1000f504623f.jpg?fit=500%2C383&amp;ssl=1\" tabindex=\"0\" role=\"button\" class=\"wp-image-3294 size-medium\" src=\"https:\/\/i0.wp.com\/www.miamimoversforless.com\/wp-content\/uploads\/2018\/10\/photo-1502664386630-1000f504623f.jpg?resize=300%2C230&#038;ssl=1\" alt=\"Storage units Miami\" width=\"300\" height=\"230\" srcset=\"https:\/\/i0.wp.com\/www.miamimoversforless.com\/wp-content\/uploads\/2018\/10\/photo-1502664386630-1000f504623f.jpg?resize=300%2C230&amp;ssl=1 300w, https:\/\/i0.wp.com\/www.miamimoversforless.com\/wp-content\/uploads\/2018\/10\/photo-1502664386630-1000f504623f.jpg?w=500&amp;ssl=1 500w\" sizes=\"(max-width: 300px) 100vw, 300px\" data-recalc-dims=\"1\" \/><figcaption id=\"caption-attachment-944\" class=\"wp-caption-text\">En nuestras instalaciones de almacenamiento en Miami tus pertenencias estar\u00e1n limpias, seguras y protegidas por el tiempo que t\u00fa necesites.<\/figcaption><\/figure>\n<h2><strong>Almacenamiento seguro y con control de clima en Miami<\/strong><\/h2>\n<p><a href=\"\/es\/\">Miami Movers For Less<\/a> tiene un objetivo \u2013 mantener tus pertenencias seguras y protegidas en nuestras instalaciones de almacenamiento en Miami. Todos nuestros dep\u00f3sitos est\u00e1n dise\u00f1ados pensando en la seguridad los clientes que contratan nuestros servicios de mudanzas en Miami. Tambi\u00e9n puedes contar con control de clima para mantener objetos que sean susceptibles a cambios de temperatura o humedad. <strong>Contando con nuestra seguridad, no te tendr\u00e1s que preocupar por la integridad de tus objetos, estar\u00e1n resguardados y a salvo dentro de nuestras instalaciones.<\/strong><\/p>\n<h2><strong>Estamos ubicados en sitios convenientes<\/strong><\/h2>\n<p>Nuestro dep\u00f3sito principal est\u00e1 convenientemente ubicado en la salida de Miami Gardens de la I-95. Perfecto para residencias y negocios ubicados en las zonas de Miami-Dade, Broward y West Palm Beach. Tambi\u00e9n contamos con otras instalaciones de almacenamiento ubicadas a lo largo del sur de la Florida.<\/p>\n<h2><strong>Alquila unidades de almacenamiento en Miami por el tiempo que desees<\/strong><\/h2>\n<p><strong>En nuestras instalaciones de almacenamiento el tiempo de alquiler es flexible.<\/strong> Guarda tus objetos por per\u00edodos de tiempo largos o cortos, lo que t\u00fa necesites. A diferencia de otros servicios de almacenamiento en Miami, no tendr\u00e1s que firmar contratos de larga duraci\u00f3n para usar nuestras instalaciones. As\u00ed sea un mes, un a\u00f1o o m\u00e1s (o menos), \u00a1no hay problema!<\/p>\n<figure id=\"attachment_945\" aria-describedby=\"caption-attachment-945\" style=\"width: 169px\" class=\"wp-caption aligncenter\"><img loading=\"lazy\" decoding=\"async\" data-attachment-id=\"3295\" data-permalink=\"https:\/\/www.miamimoversforless.com\/es\/storage-service\/photo-1506704183731-613f9a3a935d\/\" data-orig-file=\"https:\/\/i0.wp.com\/www.miamimoversforless.com\/wp-content\/uploads\/2018\/10\/photo-1506704183731-613f9a3a935d.jpg?fit=451%2C800&amp;ssl=1\" data-orig-size=\"451,800\" data-comments-opened=\"1\" data-image-meta=\"{&quot;aperture&quot;:&quot;0&quot;,&quot;credit&quot;:&quot;&quot;,&quot;camera&quot;:&quot;&quot;,&quot;caption&quot;:&quot;&quot;,&quot;created_timestamp&quot;:&quot;0&quot;,&quot;copyright&quot;:&quot;&quot;,&quot;focal_length&quot;:&quot;0&quot;,&quot;iso&quot;:&quot;0&quot;,&quot;shutter_speed&quot;:&quot;0&quot;,&quot;title&quot;:&quot;&quot;,&quot;orientation&quot;:&quot;0&quot;}\" data-image-title=\"photo-1506704183731-613f9a3a935d\" data-image-description=\"\" data-image-caption=\"\" data-medium-file=\"https:\/\/i0.wp.com\/www.miamimoversforless.com\/wp-content\/uploads\/2018\/10\/photo-1506704183731-613f9a3a935d.jpg?fit=169%2C300&amp;ssl=1\" data-large-file=\"https:\/\/i0.wp.com\/www.miamimoversforless.com\/wp-content\/uploads\/2018\/10\/photo-1506704183731-613f9a3a935d.jpg?fit=451%2C800&amp;ssl=1\" tabindex=\"0\" role=\"button\" class=\"wp-image-3295 size-medium\" src=\"https:\/\/i0.wp.com\/www.miamimoversforless.com\/wp-content\/uploads\/2018\/10\/photo-1506704183731-613f9a3a935d.jpg?resize=169%2C300&#038;ssl=1\" alt=\"Storage door\" width=\"169\" height=\"300\" srcset=\"https:\/\/i0.wp.com\/www.miamimoversforless.com\/wp-content\/uploads\/2018\/10\/photo-1506704183731-613f9a3a935d.jpg?resize=169%2C300&amp;ssl=1 169w, https:\/\/i0.wp.com\/www.miamimoversforless.com\/wp-content\/uploads\/2018\/10\/photo-1506704183731-613f9a3a935d.jpg?w=451&amp;ssl=1 451w\" sizes=\"(max-width: 169px) 100vw, 169px\" data-recalc-dims=\"1\" \/><figcaption id=\"caption-attachment-945\" class=\"wp-caption-text\">Nuestras unidades de almacenamiento en Miami ofrecen diferentes soluciones que se adaptan a tus necesidades y presupuesto<\/figcaption><\/figure>\n<h2><strong>\u00a1Contrata a Miami Movers For Less para una mudanza de larga distancia y obt\u00e9n un mes gratis de almacenamiento!<\/strong><\/h2>\n<p>\u00bfNecesitas mudarte una larga distancia? Contrata nuestro <a href=\"\/es\/long-distance-moving\/\">servicio de mudanzas de larga distancia<\/a> y obt\u00e9n un mes gratis de almacenamiento en Miami. Queremos facilitar tu proceso de mudanza de todas las formas posibles. Ya sea que alguien quiera mudarse a Miami, o desde Miami, nuestro objetivo es expandir nuestra red de clientes satisfechos, es por esto que <strong>incluimos un mes gratuito de almacenamiento cuando eliges a Miami Movers For Less para tu mudanza de larga distancia<\/strong>.<\/p>\n<h2><strong>Ofrecemos muchas soluciones de almacenamiento que se adaptan a tus necesidades personales<\/strong><\/h2>\n<p>\u00bfNecesitas un lugar seguro para resguardar tus objetos mientras remodelas tu casa, te mudas o porque tu nuevo hogar es m\u00e1s peque\u00f1o que el anterior? No importa cu\u00e1les sean la razones, te ofrecemos una amplia cantidad de unidades de almacenamiento en Miami que se adaptan a cualquiera que sea tu necesidad. As\u00ed sea para guardar unas pocas cajas, ropa de temporada o todos tus muebles y antig\u00fcedades, <strong>nuestro servicio de almacenamiento en Miami ofrece soluciones que se adaptan a tus requerimientos y presupuesto.<\/strong><\/p>\n<h2><strong>Nuestro negocio es ofrecer un servicio de almacenamiento excelente<\/strong><\/h2>\n<p>Cuando quieres almacenar tus pertenencias, especialmente las valiosas, no quieres que sea una preocupaci\u00f3n m\u00e1s. Quieres que los objetos de tu hogar u oficina est\u00e9n en un lugar seguro. <strong>El objetivo de nuestro negocio es proteger tus objetos y hacerte sentir bien y relajado<\/strong>. Es por esto que ofrecemos un mes gratuito y descuentos porque t\u00fa lo mereces. Queremos hacer tu mudanza en Florida lo m\u00e1s placentera posible. El proceso de mudanza no debe ser estresante o complejo. Con nuestro servicio de almacenamiento y mudanzas podr\u00e1s tener una experiencia de memorable.<\/p>\n<p>Existen muchas unidades de almacenamiento en el \u00e1rea de Miami, pero con nuestras instalaciones obtienes m\u00e1s que un dep\u00f3sito para tus cosas. Te ofrecemos diferentes opciones, tama\u00f1os y diferentes servicios de mudanzas, locales, de larga distancia, mudanzas internacionales desde Miami. Atendemos todos tus requerimientos y necesidades,<em> estamos aqu\u00ed para ayudarte a elegir la unidad de almacenamiento perfecta para ti<\/em>. Adem\u00e1s cuentas con nuestra garant\u00eda de seguridad para tus objetos en nuestras instalaciones.<\/p>\n<h2><strong>Almacenamos tus cosas en cualquier sitio del sur de la Florida<\/strong><\/h2>\n<p>Con nuestras diferentes instalaciones en el sur de la Florida, es f\u00e1cil encontrar d\u00f3nde guardar tus cosas en un sitio conveniente para ti. Por un costo adicional, puedes obtener una unidad con control de clima para tus objetos que sean susceptibles a cambios de temperatura o humedad. Puedes contar con dep\u00f3sitos bien resguardados por todo el sur de la Florida.<\/p>\n<p><strong>Si est\u00e1s remodelando, reduciendo la cantidad de cosas en tu casa u oficina, o alguna otra raz\u00f3n, nuestro servicio de almacenamiento en Miami est\u00e1 listo para recibir tus pertenencias. Ll\u00e1manos y \u00a1almacena tus pertenencias de forma segura hoy!<\/strong><\/p>\n<figure id=\"attachment_946\" aria-describedby=\"caption-attachment-946\" style=\"width: 225px\" class=\"wp-caption aligncenter\"><img loading=\"lazy\" decoding=\"async\" data-attachment-id=\"3296\" data-permalink=\"https:\/\/www.miamimoversforless.com\/es\/storage-service\/photo-1533599243701-92543358b958\/\" data-orig-file=\"https:\/\/i0.wp.com\/www.miamimoversforless.com\/wp-content\/uploads\/2018\/10\/photo-1533599243701-92543358b958.jpg?fit=500%2C667&amp;ssl=1\" data-orig-size=\"500,667\" data-comments-opened=\"1\" data-image-meta=\"{&quot;aperture&quot;:&quot;0&quot;,&quot;credit&quot;:&quot;&quot;,&quot;camera&quot;:&quot;&quot;,&quot;caption&quot;:&quot;&quot;,&quot;created_timestamp&quot;:&quot;0&quot;,&quot;copyright&quot;:&quot;&quot;,&quot;focal_length&quot;:&quot;0&quot;,&quot;iso&quot;:&quot;0&quot;,&quot;shutter_speed&quot;:&quot;0&quot;,&quot;title&quot;:&quot;&quot;,&quot;orientation&quot;:&quot;0&quot;}\" data-image-title=\"photo-1533599243701-92543358b958\" data-image-description=\"\" data-image-caption=\"\" data-medium-file=\"https:\/\/i0.wp.com\/www.miamimoversforless.com\/wp-content\/uploads\/2018\/10\/photo-1533599243701-92543358b958.jpg?fit=225%2C300&amp;ssl=1\" data-large-file=\"https:\/\/i0.wp.com\/www.miamimoversforless.com\/wp-content\/uploads\/2018\/10\/photo-1533599243701-92543358b958.jpg?fit=500%2C667&amp;ssl=1\" tabindex=\"0\" role=\"button\" class=\"wp-image-3296 size-medium\" src=\"https:\/\/i0.wp.com\/www.miamimoversforless.com\/wp-content\/uploads\/2018\/10\/photo-1533599243701-92543358b958.jpg?resize=225%2C300&#038;ssl=1\" alt=\"Storage facilities Miami\" width=\"225\" height=\"300\" srcset=\"https:\/\/i0.wp.com\/www.miamimoversforless.com\/wp-content\/uploads\/2018\/10\/photo-1533599243701-92543358b958.jpg?resize=225%2C300&amp;ssl=1 225w, https:\/\/i0.wp.com\/www.miamimoversforless.com\/wp-content\/uploads\/2018\/10\/photo-1533599243701-92543358b958.jpg?w=500&amp;ssl=1 500w\" sizes=\"(max-width: 225px) 100vw, 225px\" data-recalc-dims=\"1\" \/><figcaption id=\"caption-attachment-946\" class=\"wp-caption-text\">Es nuestro objetivo mantener tus pertenencias a salvo y protegidas, para tu satisfacci\u00f3n.<\/figcaption><\/figure>\n<h2><strong>Consejos para usar nuestras instalaciones de almacenamiento en Miami<\/strong><\/h2>\n<p>Miami Movers For Less ha encontrado muchos clientes con necesidad de almacenar sus cosas. <em>No todos saben c\u00f3mo utilizar de la mejor forma nuestras unidades de dep\u00f3sito porque muchos piensan que solo les sirven despu\u00e9s de mudarse.<\/em> Solo las usan para guardar cosas mientras terminan de encontrar un sitio nuevo donde vivir. Pero esta no es la \u00fanica situaci\u00f3n para la que puedes aprovechar nuestras unidades de almacenamiento en Miami.<\/p>\n<h3><strong>Puedes usar nuestro servicio de almacenamiento cuando quieras:<\/strong><\/h3>\n<ul>\n<li>Tener un lugar para esas cosas que est\u00e1n ocupando espacio, pero no te quieres deshacer de ellas<\/li>\n<li>Comprar una nueva casa<\/li>\n<li>Liberar espacio en tu hogar porque alguien m\u00e1s (pareja, beb\u00e9 u otro) vivir\u00e1 contigo<\/li>\n<li>Depositar cosas que a\u00fan no decides si vas a seguir usando o no<\/li>\n<li>Tener un lugar seguro para guardar tus vinos, antig\u00fcedades, pinturas \u2013 nuestras unidades con control de clima son perfectas para esto<\/li>\n<\/ul>\n<h3><strong>Tambi\u00e9n nos aseguraremos de:<\/strong><\/h3>\n<ul>\n<li>Que todos tus objetos sean transportados apropiadamente a tu nueva ubicaci\u00f3n<\/li>\n<li>Que puedas usar tu unidad de la forma que quieras durante el per\u00edodo pagado<\/li>\n<li>Tener unidades especiales perfectas para objetos susceptibles a cambios de temperatura<\/li>\n<\/ul>\n<p><strong>Siempre puedes contar con nuestras instalaciones de almacenamiento para guardar tus pertenencias, sea por una mudanza a Hallandale, Aventura, Fort Lauderdale, Miami o alguna otra raz\u00f3n<\/strong>. No te olvides de visitar nuestra oficina o sitio web para ver cu\u00e1l dep\u00f3sito de Miami Movers For Less te conviene.<\/p>\n","protected":false},"excerpt":{"rendered":"<p>\u00bfNecesitas un lugar seguro y barato para almacenar algunos de tus objetos? Podemos guardar tus cosas en nuestras m\u00faltiples instalaciones de almacenamiento en Miami. Sin importar el tama\u00f1o o peso de tus objetos, te ofrecemos una opci\u00f3n segura para resguardarlos. \u00bfQuieres que tus pertenencias est\u00e9n en un lugar convenientemente ubicado cerca de tu hogar o [&hellip;]<\/p>\n","protected":false},"author":6,"featured_media":0,"parent":0,"menu_order":0,"comment_status":"closed","ping_status":"closed","template":"","meta":{"_acf_changed":false,"footnotes":""},"acf":[],"yoast_head":"<!-- This site is optimized with the Yoast SEO plugin v24.4 - https:\/\/yoast.com\/wordpress\/plugins\/seo\/ -->\n<title>Servicios de almacenamiento - Miami movers<\/title>\n<meta name=\"description\" content=\"\u00bfNecesitas un lugar seguro y barato para almacenar algunos de tus objetos? Podemos guardar tus cosas en nuestras m\u00faltiples instalaciones de almacenamiento en Miami.\" \/>\n<meta name=\"robots\" content=\"index, follow, max-snippet:-1, max-image-preview:large, max-video-preview:-1\" \/>\n<meta property=\"og:locale\" content=\"es_ES\" \/>\n<meta property=\"og:type\" content=\"article\" \/>\n<meta property=\"og:title\" content=\"Servicios de almacenamiento - Miami movers\" \/>\n<meta property=\"og:description\" content=\"\u00bfNecesitas un lugar seguro y barato para almacenar algunos de tus objetos? Podemos guardar tus cosas en nuestras m\u00faltiples instalaciones de almacenamiento en Miami.\" \/>\n<meta property=\"og:url\" content=\"https:\/\/www.miamimoversforless.com\/es\/storage-service\/\" \/>\n<meta property=\"og:site_name\" content=\"Miami movers\" \/>\n<meta property=\"article:modified_time\" content=\"2025-09-01T14:31:27+00:00\" \/>\n<meta property=\"og:image\" content=\"https:\/\/www.miamimoversforless.com\/wp-content\/uploads\/2018\/10\/photo-1502664386630-1000f504623f-300x230.jpg\" \/>\n<meta name=\"twitter:card\" content=\"summary_large_image\" \/>\n<meta name=\"twitter:label1\" content=\"Tiempo de lectura\" \/>\n\t<meta name=\"twitter:data1\" content=\"6 minutos\" \/>\n<script type=\"application\/ld+json\" class=\"yoast-schema-graph\">{\"@context\":\"https:\/\/schema.org\",\"@graph\":[{\"@type\":\"WebPage\",\"@id\":\"https:\/\/www.miamimoversforless.com\/es\/storage-service\/\",\"url\":\"https:\/\/www.miamimoversforless.com\/es\/storage-service\/\",\"name\":\"Servicios de almacenamiento - Miami movers\",\"isPartOf\":{\"@id\":\"https:\/\/www.miamimoversforless.com\/#website\"},\"primaryImageOfPage\":{\"@id\":\"https:\/\/www.miamimoversforless.com\/es\/storage-service\/#primaryimage\"},\"image\":{\"@id\":\"https:\/\/www.miamimoversforless.com\/es\/storage-service\/#primaryimage\"},\"thumbnailUrl\":\"https:\/\/www.miamimoversforless.com\/wp-content\/uploads\/2018\/10\/photo-1502664386630-1000f504623f-300x230.jpg\",\"datePublished\":\"2019-04-29T18:23:42+00:00\",\"dateModified\":\"2025-09-01T14:31:27+00:00\",\"description\":\"\u00bfNecesitas un lugar seguro y barato para almacenar algunos de tus objetos? Podemos guardar tus cosas en nuestras m\u00faltiples instalaciones de almacenamiento en Miami.\",\"breadcrumb\":{\"@id\":\"https:\/\/www.miamimoversforless.com\/es\/storage-service\/#breadcrumb\"},\"inLanguage\":\"es\",\"potentialAction\":[{\"@type\":\"ReadAction\",\"target\":[\"https:\/\/www.miamimoversforless.com\/es\/storage-service\/\"]}]},{\"@type\":\"ImageObject\",\"inLanguage\":\"es\",\"@id\":\"https:\/\/www.miamimoversforless.com\/es\/storage-service\/#primaryimage\",\"url\":\"https:\/\/www.miamimoversforless.com\/wp-content\/uploads\/2018\/10\/photo-1502664386630-1000f504623f-300x230.jpg\",\"contentUrl\":\"https:\/\/www.miamimoversforless.com\/wp-content\/uploads\/2018\/10\/photo-1502664386630-1000f504623f-300x230.jpg\"},{\"@type\":\"BreadcrumbList\",\"@id\":\"https:\/\/www.miamimoversforless.com\/es\/storage-service\/#breadcrumb\",\"itemListElement\":[{\"@type\":\"ListItem\",\"position\":1,\"name\":\"Home\",\"item\":\"https:\/\/www.miamimoversforless.com\/es\/\"},{\"@type\":\"ListItem\",\"position\":2,\"name\":\"Servicios de almacenamiento\"}]},{\"@type\":\"WebSite\",\"@id\":\"https:\/\/www.miamimoversforless.com\/#website\",\"url\":\"https:\/\/www.miamimoversforless.com\/\",\"name\":\"Miami movers\",\"description\":\"Affordable Florida Moving Company\",\"publisher\":{\"@id\":\"https:\/\/www.miamimoversforless.com\/#organization\"},\"potentialAction\":[{\"@type\":\"SearchAction\",\"target\":{\"@type\":\"EntryPoint\",\"urlTemplate\":\"https:\/\/www.miamimoversforless.com\/?s={search_term_string}\"},\"query-input\":{\"@type\":\"PropertyValueSpecification\",\"valueRequired\":true,\"valueName\":\"search_term_string\"}}],\"inLanguage\":\"es\"},{\"@type\":\"Organization\",\"@id\":\"https:\/\/www.miamimoversforless.com\/#organization\",\"name\":\"Miami Movers For Less | Affordable Florida Moving Company\",\"url\":\"https:\/\/www.miamimoversforless.com\/\",\"logo\":{\"@type\":\"ImageObject\",\"inLanguage\":\"es\",\"@id\":\"https:\/\/www.miamimoversforless.com\/#\/schema\/logo\/image\/\",\"url\":\"https:\/\/i0.wp.com\/www.miamimoversforless.com\/wp-content\/uploads\/2018\/09\/Move-For-Less-INC_logo-header.jpg?fit=273%2C55&ssl=1\",\"contentUrl\":\"https:\/\/i0.wp.com\/www.miamimoversforless.com\/wp-content\/uploads\/2018\/09\/Move-For-Less-INC_logo-header.jpg?fit=273%2C55&ssl=1\",\"width\":273,\"height\":55,\"caption\":\"Miami Movers For Less | Affordable Florida Moving Company\"},\"image\":{\"@id\":\"https:\/\/www.miamimoversforless.com\/#\/schema\/logo\/image\/\"}}]}<\/script>\n<!-- \/ Yoast SEO plugin. -->","yoast_head_json":{"title":"Servicios de almacenamiento - Miami movers","description":"\u00bfNecesitas un lugar seguro y barato para almacenar algunos de tus objetos? Podemos guardar tus cosas en nuestras m\u00faltiples instalaciones de almacenamiento en Miami.","robots":{"index":"index","follow":"follow","max-snippet":"max-snippet:-1","max-image-preview":"max-image-preview:large","max-video-preview":"max-video-preview:-1"},"og_locale":"es_ES","og_type":"article","og_title":"Servicios de almacenamiento - Miami movers","og_description":"\u00bfNecesitas un lugar seguro y barato para almacenar algunos de tus objetos? Podemos guardar tus cosas en nuestras m\u00faltiples instalaciones de almacenamiento en Miami.","og_url":"https:\/\/www.miamimoversforless.com\/es\/storage-service\/","og_site_name":"Miami movers","article_modified_time":"2025-09-01T14:31:27+00:00","og_image":[{"url":"https:\/\/www.miamimoversforless.com\/wp-content\/uploads\/2018\/10\/photo-1502664386630-1000f504623f-300x230.jpg","type":"","width":"","height":""}],"twitter_card":"summary_large_image","twitter_misc":{"Tiempo de lectura":"6 minutos"},"schema":{"@context":"https:\/\/schema.org","@graph":[{"@type":"WebPage","@id":"https:\/\/www.miamimoversforless.com\/es\/storage-service\/","url":"https:\/\/www.miamimoversforless.com\/es\/storage-service\/","name":"Servicios de almacenamiento - Miami movers","isPartOf":{"@id":"https:\/\/www.miamimoversforless.com\/#website"},"primaryImageOfPage":{"@id":"https:\/\/www.miamimoversforless.com\/es\/storage-service\/#primaryimage"},"image":{"@id":"https:\/\/www.miamimoversforless.com\/es\/storage-service\/#primaryimage"},"thumbnailUrl":"https:\/\/www.miamimoversforless.com\/wp-content\/uploads\/2018\/10\/photo-1502664386630-1000f504623f-300x230.jpg","datePublished":"2019-04-29T18:23:42+00:00","dateModified":"2025-09-01T14:31:27+00:00","description":"\u00bfNecesitas un lugar seguro y barato para almacenar algunos de tus objetos? Podemos guardar tus cosas en nuestras m\u00faltiples instalaciones de almacenamiento en Miami.","breadcrumb":{"@id":"https:\/\/www.miamimoversforless.com\/es\/storage-service\/#breadcrumb"},"inLanguage":"es","potentialAction":[{"@type":"ReadAction","target":["https:\/\/www.miamimoversforless.com\/es\/storage-service\/"]}]},{"@type":"ImageObject","inLanguage":"es","@id":"https:\/\/www.miamimoversforless.com\/es\/storage-service\/#primaryimage","url":"https:\/\/www.miamimoversforless.com\/wp-content\/uploads\/2018\/10\/photo-1502664386630-1000f504623f-300x230.jpg","contentUrl":"https:\/\/www.miamimoversforless.com\/wp-content\/uploads\/2018\/10\/photo-1502664386630-1000f504623f-300x230.jpg"},{"@type":"BreadcrumbList","@id":"https:\/\/www.miamimoversforless.com\/es\/storage-service\/#breadcrumb","itemListElement":[{"@type":"ListItem","position":1,"name":"Home","item":"https:\/\/www.miamimoversforless.com\/es\/"},{"@type":"ListItem","position":2,"name":"Servicios de almacenamiento"}]},{"@type":"WebSite","@id":"https:\/\/www.miamimoversforless.com\/#website","url":"https:\/\/www.miamimoversforless.com\/","name":"Miami movers","description":"Affordable Florida Moving Company","publisher":{"@id":"https:\/\/www.miamimoversforless.com\/#organization"},"potentialAction":[{"@type":"SearchAction","target":{"@type":"EntryPoint","urlTemplate":"https:\/\/www.miamimoversforless.com\/?s={search_term_string}"},"query-input":{"@type":"PropertyValueSpecification","valueRequired":true,"valueName":"search_term_string"}}],"inLanguage":"es"},{"@type":"Organization","@id":"https:\/\/www.miamimoversforless.com\/#organization","name":"Miami Movers For Less | Affordable Florida Moving Company","url":"https:\/\/www.miamimoversforless.com\/","logo":{"@type":"ImageObject","inLanguage":"es","@id":"https:\/\/www.miamimoversforless.com\/#\/schema\/logo\/image\/","url":"https:\/\/i0.wp.com\/www.miamimoversforless.com\/wp-content\/uploads\/2018\/09\/Move-For-Less-INC_logo-header.jpg?fit=273%2C55&ssl=1","contentUrl":"https:\/\/i0.wp.com\/www.miamimoversforless.com\/wp-content\/uploads\/2018\/09\/Move-For-Less-INC_logo-header.jpg?fit=273%2C55&ssl=1","width":273,"height":55,"caption":"Miami Movers For Less | Affordable Florida Moving Company"},"image":{"@id":"https:\/\/www.miamimoversforless.com\/#\/schema\/logo\/image\/"}}]}},"jetpack_sharing_enabled":true,"jetpack_shortlink":"https:\/\/wp.me\/PafEIl-R7","_links":{"self":[{"href":"https:\/\/www.miamimoversforless.com\/es\/wp-json\/wp\/v2\/pages\/3293"}],"collection":[{"href":"https:\/\/www.miamimoversforless.com\/es\/wp-json\/wp\/v2\/pages"}],"about":[{"href":"https:\/\/www.miamimoversforless.com\/es\/wp-json\/wp\/v2\/types\/page"}],"author":[{"embeddable":true,"href":"https:\/\/www.miamimoversforless.com\/es\/wp-json\/wp\/v2\/users\/6"}],"replies":[{"embeddable":true,"href":"https:\/\/www.miamimoversforless.com\/es\/wp-json\/wp\/v2\/comments?post=3293"}],"version-history":[{"count":0,"href":"https:\/\/www.miamimoversforless.com\/es\/wp-json\/wp\/v2\/pages\/3293\/revisions"}],"wp:attachment":[{"href":"https:\/\/www.miamimoversforless.com\/es\/wp-json\/wp\/v2\/media?parent=3293"}],"curies":[{"name":"wp","href":"https:\/\/api.w.org\/{rel}","templated":true}]}}